{"id":28,"date":"2012-05-22T20:43:52","date_gmt":"2012-05-22T20:43:52","guid":{"rendered":"http:\/\/aliquando.id-3.net\/?page_id=28"},"modified":"2019-11-21T15:04:50","modified_gmt":"2019-11-21T20:04:50","slug":"mes-proprietes","status":"publish","type":"page","link":"https:\/\/guylainegignac.ca\/en\/mes-proprietes\/","title":{"rendered":"My properties"},"content":{"rendered":"<p><\/p>\n<p><\/p>","protected":false},"excerpt":{"rendered":"","protected":false},"author":1,"featured_media":0,"parent":0,"menu_order":10,"comment_status":"open","ping_status":"closed","template":"t_listings.php","meta":{"_acf_changed":false,"footnotes":""},"class_list":["post-28","page","type-page","status-publish","hentry"],"acf":[],"yoast_head":"<!-- This site is optimized with the Yoast SEO plugin v26.7 - https:\/\/yoast.com\/wordpress\/plugins\/seo\/ -->\n<title>My properties - Guylaine Gignac - RE\/MAX Qu\u00e9bec<\/title>\n<meta name=\"description\" content=\"Propri\u00e9t\u00e9s \u00e0 vendre Lac Beauport, Charlebourg et Ste-Foy \u00cates-vous \u00e0 la recherche d&#039;une propri\u00e9t\u00e9 \u00e0 Lac Beauport, Charlebourg et Ste-Foy? D\u00e9couvrez les propri\u00e9t\u00e9s offertes par Guylaine Gignac, courtier immobilier Remax. Pour information, appelez au : 418-929-9627.\" \/>\n<meta name=\"robots\" content=\"index, follow, max-snippet:-1, max-image-preview:large, max-video-preview:-1\" \/>\n<link rel=\"canonical\" href=\"https:\/\/guylainegignac.ca\/mes-proprietes\/\" \/>\n<meta property=\"og:locale\" content=\"en_US\" \/>\n<meta property=\"og:type\" content=\"article\" \/>\n<meta property=\"og:title\" content=\"My properties - Guylaine Gignac - RE\/MAX Qu\u00e9bec\" \/>\n<meta property=\"og:description\" content=\"Propri\u00e9t\u00e9s \u00e0 vendre Lac Beauport, Charlebourg et Ste-Foy \u00cates-vous \u00e0 la recherche d&#039;une propri\u00e9t\u00e9 \u00e0 Lac Beauport, Charlebourg et Ste-Foy? D\u00e9couvrez les propri\u00e9t\u00e9s offertes par Guylaine Gignac, courtier immobilier Remax. Pour information, appelez au : 418-929-9627.\" \/>\n<meta property=\"og:url\" content=\"https:\/\/guylainegignac.ca\/mes-proprietes\/\" \/>\n<meta property=\"og:site_name\" content=\"Guylaine Gignac - RE\/MAX Qu\u00e9bec\" \/>\n<meta property=\"article:modified_time\" content=\"2019-11-21T20:04:50+00:00\" \/>\n<meta name=\"twitter:card\" content=\"summary_large_image\" \/>\n<script type=\"application\/ld+json\" class=\"yoast-schema-graph\">{\"@context\":\"https:\/\/schema.org\",\"@graph\":[{\"@type\":\"WebPage\",\"@id\":\"https:\/\/guylainegignac.ca\/mes-proprietes\/\",\"url\":\"https:\/\/guylainegignac.ca\/mes-proprietes\/\",\"name\":\"[:fr]Mes propri\u00e9t\u00e9s[:en]My properties[:] - Guylaine Gignac - RE\/MAX Qu\u00e9bec\",\"isPartOf\":{\"@id\":\"https:\/\/guylainegignac.ca\/#website\"},\"datePublished\":\"2012-05-22T20:43:52+00:00\",\"dateModified\":\"2019-11-21T20:04:50+00:00\",\"description\":\"Propri\u00e9t\u00e9s \u00e0 vendre Lac Beauport, Charlebourg et Ste-Foy \u00cates-vous \u00e0 la recherche d'une propri\u00e9t\u00e9 \u00e0 Lac Beauport, Charlebourg et Ste-Foy? D\u00e9couvrez les propri\u00e9t\u00e9s offertes par Guylaine Gignac, courtier immobilier Remax. Pour information, appelez au : 418-929-9627.\",\"breadcrumb\":{\"@id\":\"https:\/\/guylainegignac.ca\/mes-proprietes\/#breadcrumb\"},\"inLanguage\":\"en-US\",\"potentialAction\":[{\"@type\":\"ReadAction\",\"target\":[\"https:\/\/guylainegignac.ca\/mes-proprietes\/\"]}]},{\"@type\":\"BreadcrumbList\",\"@id\":\"https:\/\/guylainegignac.ca\/mes-proprietes\/#breadcrumb\",\"itemListElement\":[{\"@type\":\"ListItem\",\"position\":1,\"name\":\"Accueil\",\"item\":\"https:\/\/guylainegignac.ca\/\"},{\"@type\":\"ListItem\",\"position\":2,\"name\":\"Mes propri\u00e9t\u00e9s\"}]},{\"@type\":\"WebSite\",\"@id\":\"https:\/\/guylainegignac.ca\/#website\",\"url\":\"https:\/\/guylainegignac.ca\/\",\"name\":\"Guylaine Gignac - RE\/MAX Qu\u00e9bec\",\"description\":\"Real Estate Broker\",\"potentialAction\":[{\"@type\":\"SearchAction\",\"target\":{\"@type\":\"EntryPoint\",\"urlTemplate\":\"https:\/\/guylainegignac.ca\/?s={search_term_string}\"},\"query-input\":{\"@type\":\"PropertyValueSpecification\",\"valueRequired\":true,\"valueName\":\"search_term_string\"}}],\"inLanguage\":\"en-US\"}]}<\/script>\n<!-- \/ Yoast SEO plugin. -->","yoast_head_json":{"title":"My properties - Guylaine Gignac - RE\/MAX Qu\u00e9bec","description":"Propri\u00e9t\u00e9s \u00e0 vendre Lac Beauport, Charlebourg et Ste-Foy \u00cates-vous \u00e0 la recherche d'une propri\u00e9t\u00e9 \u00e0 Lac Beauport, Charlebourg et Ste-Foy? D\u00e9couvrez les propri\u00e9t\u00e9s offertes par Guylaine Gignac, courtier immobilier Remax. Pour information, appelez au : 418-929-9627.","robots":{"index":"index","follow":"follow","max-snippet":"max-snippet:-1","max-image-preview":"max-image-preview:large","max-video-preview":"max-video-preview:-1"},"canonical":"https:\/\/guylainegignac.ca\/mes-proprietes\/","og_locale":"en_US","og_type":"article","og_title":"My properties - Guylaine Gignac - RE\/MAX Qu\u00e9bec","og_description":"Propri\u00e9t\u00e9s \u00e0 vendre Lac Beauport, Charlebourg et Ste-Foy \u00cates-vous \u00e0 la recherche d'une propri\u00e9t\u00e9 \u00e0 Lac Beauport, Charlebourg et Ste-Foy? D\u00e9couvrez les propri\u00e9t\u00e9s offertes par Guylaine Gignac, courtier immobilier Remax. Pour information, appelez au : 418-929-9627.","og_url":"https:\/\/guylainegignac.ca\/mes-proprietes\/","og_site_name":"Guylaine Gignac - RE\/MAX Qu\u00e9bec","article_modified_time":"2019-11-21T20:04:50+00:00","twitter_card":"summary_large_image","schema":{"@context":"https:\/\/schema.org","@graph":[{"@type":"WebPage","@id":"https:\/\/guylainegignac.ca\/mes-proprietes\/","url":"https:\/\/guylainegignac.ca\/mes-proprietes\/","name":"[:fr]Mes propri\u00e9t\u00e9s[:en]My properties[:] - Guylaine Gignac - RE\/MAX Qu\u00e9bec","isPartOf":{"@id":"https:\/\/guylainegignac.ca\/#website"},"datePublished":"2012-05-22T20:43:52+00:00","dateModified":"2019-11-21T20:04:50+00:00","description":"Propri\u00e9t\u00e9s \u00e0 vendre Lac Beauport, Charlebourg et Ste-Foy \u00cates-vous \u00e0 la recherche d'une propri\u00e9t\u00e9 \u00e0 Lac Beauport, Charlebourg et Ste-Foy? D\u00e9couvrez les propri\u00e9t\u00e9s offertes par Guylaine Gignac, courtier immobilier Remax. Pour information, appelez au : 418-929-9627.","breadcrumb":{"@id":"https:\/\/guylainegignac.ca\/mes-proprietes\/#breadcrumb"},"inLanguage":"en-US","potentialAction":[{"@type":"ReadAction","target":["https:\/\/guylainegignac.ca\/mes-proprietes\/"]}]},{"@type":"BreadcrumbList","@id":"https:\/\/guylainegignac.ca\/mes-proprietes\/#breadcrumb","itemListElement":[{"@type":"ListItem","position":1,"name":"Accueil","item":"https:\/\/guylainegignac.ca\/"},{"@type":"ListItem","position":2,"name":"Mes propri\u00e9t\u00e9s"}]},{"@type":"WebSite","@id":"https:\/\/guylainegignac.ca\/#website","url":"https:\/\/guylainegignac.ca\/","name":"Guylaine Gignac - RE\/MAX Qu\u00e9bec","description":"Real Estate Broker","potentialAction":[{"@type":"SearchAction","target":{"@type":"EntryPoint","urlTemplate":"https:\/\/guylainegignac.ca\/?s={search_term_string}"},"query-input":{"@type":"PropertyValueSpecification","valueRequired":true,"valueName":"search_term_string"}}],"inLanguage":"en-US"}]}},"_links":{"self":[{"href":"https:\/\/guylainegignac.ca\/en\/wp-json\/wp\/v2\/pages\/28","targetHints":{"allow":["GET"]}}],"collection":[{"href":"https:\/\/guylainegignac.ca\/en\/wp-json\/wp\/v2\/pages"}],"about":[{"href":"https:\/\/guylainegignac.ca\/en\/wp-json\/wp\/v2\/types\/page"}],"author":[{"embeddable":true,"href":"https:\/\/guylainegignac.ca\/en\/wp-json\/wp\/v2\/users\/1"}],"replies":[{"embeddable":true,"href":"https:\/\/guylainegignac.ca\/en\/wp-json\/wp\/v2\/comments?post=28"}],"version-history":[{"count":3,"href":"https:\/\/guylainegignac.ca\/en\/wp-json\/wp\/v2\/pages\/28\/revisions"}],"predecessor-version":[{"id":1437,"href":"https:\/\/guylainegignac.ca\/en\/wp-json\/wp\/v2\/pages\/28\/revisions\/1437"}],"wp:attachment":[{"href":"https:\/\/guylainegignac.ca\/en\/wp-json\/wp\/v2\/media?parent=28"}],"curies":[{"name":"wp","href":"https:\/\/api.w.org\/{rel}","templated":true}]}}